{"id":10,"date":"2022-10-10T15:02:03","date_gmt":"2022-10-10T15:02:03","guid":{"rendered":"https:\/\/laviedeprata.com\/?page_id=10"},"modified":"2022-10-10T15:08:24","modified_gmt":"2022-10-10T15:08:24","slug":"reembolso_devolucoes","status":"publish","type":"page","link":"https:\/\/laviedeprata.com\/en\/reembolso_devolucoes\/","title":{"rendered":"Pol\u00edtica de reembolso e devolu\u00e7\u00f5es"},"content":{"rendered":"<div data-elementor-type=\"wp-page\" data-elementor-id=\"10\" class=\"elementor elementor-10\" data-elementor-post-type=\"page\">\n\t\t\t\t\t\t<section class=\"xts-negative-gap elementor-section elementor-top-section elementor-element elementor-element-128888ee elementor-section-boxed elementor-section-height-default elementor-section-height-default xts-section-disabled\" data-id=\"128888ee\" data-element_type=\"section\" data-e-type=\"section\">\n\t\t\t\t\t\t<div class=\"elementor-container elementor-column-gap-default\">\n\t\t\t\t\t<div class=\"elementor-column elementor-col-100 elementor-top-column elementor-element elementor-element-3f3a4795\" data-id=\"3f3a4795\" data-element_type=\"column\" data-e-type=\"column\">\n\t\t\t<div class=\"elementor-widget-wrap elementor-element-populated\">\n\t\t\t\t\t\t<div class=\"elementor-element elementor-element-b9bd2a7 elementor-widget elementor-widget-heading\" data-id=\"b9bd2a7\" data-element_type=\"widget\" data-e-type=\"widget\" data-widget_type=\"heading.default\">\n\t\t\t\t<div class=\"elementor-widget-container\">\n\t\t\t\t\t<h2 class=\"elementor-heading-title elementor-size-default\">Pol\u00edtica de trocas e devolu\u00e7\u00f5es\n<\/h2>\t\t\t\t<\/div>\n\t\t\t\t<\/div>\n\t\t\t\t\t<\/div>\n\t\t<\/div>\n\t\t\t\t\t<\/div>\n\t\t<\/section>\n\t\t<div class=\"xts-negative-gap elementor-element elementor-element-77c9860 e-flex e-con-boxed xts-section-disabled e-con e-parent\" data-id=\"77c9860\" data-element_type=\"container\" data-e-type=\"container\">\n\t\t\t\t\t<div class=\"e-con-inner\">\n\t\t\t\t<div class=\"elementor-element elementor-element-4ec2f9f xts-scheme-inherit xts-textalign-inherit elementor-widget elementor-widget-text-editor\" data-id=\"4ec2f9f\" data-element_type=\"widget\" data-e-type=\"widget\" data-widget_type=\"text-editor.default\">\n\t\t\t\t<div class=\"elementor-widget-container\">\n\t\t\t\t\t\t\t\t\t<div class=\"elementor-element elementor-element-14b393ed elementor-widget elementor-widget-heading\" data-id=\"14b393ed\" data-element_type=\"widget\" data-widget_type=\"heading.default\">\n<div class=\"elementor-widget-container\">\n<h5 class=\"elementor-heading-title elementor-size-default\">Considera\u00e7\u00f5es Gerais:<\/h5>\n<p>\u00a0<\/p>\n<\/div>\n<\/div>\n<div class=\"elementor-element elementor-element-3caa5072 elementor-widget elementor-widget-text-editor\" data-id=\"3caa5072\" data-element_type=\"widget\" data-widget_type=\"text-editor.default\">\n<div class=\"elementor-widget-container\">\n<p><span style=\"vertical-align: inherit;\"><span style=\"vertical-align: inherit;\">Nossas pe\u00e7as s\u00e3o escolhidas com muito amor e cuidado para voc\u00ea, mas caso n\u00e3o atendam \u00e0s suas expectativas, nossa empresa criou uma pol\u00edtica de troca ou devolu\u00e7\u00e3o pautada no C\u00f3digo de Defesa do Consumidor, pensando na facilidade para que voc\u00ea (cliente) obtenha uma negocia\u00e7\u00e3o eficaz, \u00e1gil e principalmente satisfat\u00f3ria.\u00a0<\/span><\/span><\/p>\n<p><span style=\"vertical-align: inherit;\"><span style=\"vertical-align: inherit;\">De acordo com o artigo 49 do C\u00f3digo de Defesa do Consumidor, o adquirente de produtos, fora do estabelecimento comercial, possui o prazo de 7 dias para desist\u00eancia de compra por arrependimento ou erro durante a emiss\u00e3o dos produtos.<\/span><\/span><\/p>\n<p><span style=\"vertical-align: inherit;\"><span style=\"vertical-align: inherit;\">Considera-se a data de recebimento aquela que \u00e9 informada pelos Correios, mesmo que o recebimento tenha sido feito por terceiros como porteiros, recepcionistas, familiares, etc.<\/span><\/span><\/p>\n<\/div>\n<\/div>\n<div class=\"elementor-element elementor-element-5eafb9d4 elementor-widget elementor-widget-heading\" data-id=\"5eafb9d4\" data-element_type=\"widget\" data-widget_type=\"heading.default\">\n<div class=\"elementor-widget-container\">\n<h5 class=\"elementor-heading-title elementor-size-default\"><span style=\"vertical-align: inherit;\"><span style=\"vertical-align: inherit;\">Salientamos que brindes n\u00e3o s\u00e3o pass\u00edveis de devolu\u00e7\u00e3o.<\/span><\/span><\/h5>\n<p>\u00a0<\/p>\n<\/div>\n<\/div>\n<div class=\"elementor-element elementor-element-3711ab0b elementor-widget elementor-widget-heading\" data-id=\"3711ab0b\" data-element_type=\"widget\" data-widget_type=\"heading.default\">\n<div class=\"elementor-widget-container\">\n<h5 class=\"elementor-heading-title elementor-size-default\"><span style=\"vertical-align: inherit;\"><span style=\"vertical-align: inherit;\">1. Troca por tamanho, arrependimento ou insatisfa\u00e7\u00e3o:<\/span><\/span><\/h5>\n<p>\u00a0<\/p>\n<\/div>\n<\/div>\n<div class=\"elementor-element elementor-element-487f0746 elementor-widget elementor-widget-text-editor\" data-id=\"487f0746\" data-element_type=\"widget\" data-widget_type=\"text-editor.default\">\n<div class=\"elementor-widget-container\">\n<p><span style=\"vertical-align: inherit;\"><span style=\"vertical-align: inherit;\">Para a troca e\/ou devolu\u00e7\u00e3o de sua joia no prazo de 7 (sete) dias ap\u00f3s o recebimento, oferecemos duas op\u00e7\u00f5es:\u00a0<\/span><\/span><\/p>\n<p><span style=\"vertical-align: inherit;\"><span style=\"vertical-align: inherit;\">\u2013\u00a0 A troca pode ser feita na nossa\u00a0sede que fica localizada em Bras\u00edlia, no bairro de \u00c1guas Claras.<\/span><\/span><\/p>\n<p><span style=\"vertical-align: inherit;\"><span style=\"vertical-align: inherit;\">\u2013\u00a0Troca pelos correios:\u00a0<\/span><\/span><\/p>\n<ul>\n<li><span style=\"vertical-align: inherit;\"><span style=\"vertical-align: inherit;\">O frete de envio para Bras\u00edlia \u00e9 por conta do cliente e o frete de volta para voc\u00ea, n\u00f3s arcaremos.<\/span><\/span><\/li>\n<li><span style=\"vertical-align: inherit;\"><span style=\"vertical-align: inherit;\">O envio deve ser feito em at\u00e9 3 (tr\u00eas) dias ap\u00f3s o recebimento do e-mail contendo nosso endere\u00e7o em uma ag\u00eancia dos Correios, com a\u00a0pe\u00e7a e\u00a0embalagem original.<\/span><\/span><\/li>\n<li><span style=\"vertical-align: inherit;\"><span style=\"vertical-align: inherit;\">Favor enviar junto um bilhete com nome, e-mail e n\u00famero do pedido.\u00a0<\/span><\/span><\/li>\n<li><span style=\"vertical-align: inherit;\"><span style=\"vertical-align: inherit;\">Ap\u00f3s o envio nos encaminhe por e-mail o c\u00f3digo de\u00a0rastreio.<\/span><\/span><\/li>\n<\/ul>\n<p><span style=\"vertical-align: inherit;\"><span style=\"vertical-align: inherit;\">N\u00e3o aceitaremos:\u00a0<\/span><\/span><\/p>\n<p><span style=\"vertical-align: inherit;\"><span style=\"vertical-align: inherit;\">\u2013 Produtos devolvidos sem pr\u00e9via comunica\u00e7\u00e3o ou com comunica\u00e7\u00e3o fora do prazo;<\/span><\/span><\/p>\n<p><span style=\"vertical-align: inherit;\"><span style=\"vertical-align: inherit;\">\u2013 Aus\u00eancia dos itens ou informa\u00e7\u00f5es que o acompanhem;<\/span><\/span><\/p>\n<p><span style=\"vertical-align: inherit;\"><span style=\"vertical-align: inherit;\">\u2013 Em desacordo com outras condi\u00e7\u00f5es aqui previstas e indicadas.<\/span><\/span><\/p>\n<p><span style=\"vertical-align: inherit;\"><span style=\"vertical-align: inherit;\">Para troca, voc\u00ea pode escolher entre as seguintes op\u00e7\u00f5es:<\/span><\/span><\/p>\n<p><span style=\"vertical-align: inherit;\"><span style=\"vertical-align: inherit;\">Substitui\u00e7\u00e3o por um produto id\u00eantico ao comprado ou de mesmo valor (desde que tenha disponibilidade de estoque);<\/span><\/span><\/p>\n<p><span style=\"vertical-align: inherit;\"><span style=\"vertical-align: inherit;\">Voucher com o valor do produto.<\/span><\/span><\/p>\n<p><strong><span style=\"vertical-align: inherit;\"><span style=\"vertical-align: inherit;\">OBS: N\u00e3o devolvemos a diferen\u00e7a caso o produto escolhido for menor que o pre\u00e7o do produto comprado.<\/span><\/span><\/strong><\/p>\n<p>\u00a0<\/p>\n<ol start=\"2\">\n<li><strong><span style=\"vertical-align: inherit;\"><span style=\"vertical-align: inherit;\">Como solicitar a\u00a0troca, devolu\u00e7\u00e3o ou pe\u00e7as na garantia:<\/span><\/span><\/strong><\/li>\n<\/ol>\n<p><span style=\"vertical-align: inherit;\"><span style=\"vertical-align: inherit;\">Em virtude da garantia das pe\u00e7as fornecidas pela La Vie de Prata, que ser\u00e1 de 3 (tr\u00eas) meses para os produtos confeccionados em Prata 925 e de 30 (trinta) dias para as semijoias, voc\u00ea deve solicitar a troca ou devolu\u00e7\u00e3o dentro destes prazos, t\u00e3o logo identifique o defeito. O primeiro passo \u00e9 comunicar nossa Central de Atendimento pelo e-mail\u00a0contato@laviedeprata.com.br<\/span><\/span><\/p>\n<ol start=\"3\">\n<li><strong><span style=\"vertical-align: inherit;\"><span style=\"vertical-align: inherit;\">Procedimento:<\/span><\/span><\/strong><\/li>\n<\/ol>\n<p><span style=\"vertical-align: inherit;\"><span style=\"vertical-align: inherit;\">No assunto do e-mail, favor colocar \u201cTroca\u201d ou \u201cDevolu\u00e7\u00e3o\u201d para agilizar o processo de nossa equipe, e informe:<\/span><\/span><\/p>\n<ul>\n<li><span style=\"vertical-align: inherit;\"><span style=\"vertical-align: inherit;\">N\u00famero do pedido<\/span><\/span><\/li>\n<li><span style=\"vertical-align: inherit;\"><span style=\"vertical-align: inherit;\">Seu nome e e-mail.<\/span><\/span><\/li>\n<li><span style=\"vertical-align: inherit;\"><span style=\"vertical-align: inherit;\">Nome do(s) produto(s) que ser\u00e1\u00a0trocado ou devolvido<\/span><\/span><\/li>\n<li><span style=\"vertical-align: inherit;\"><span style=\"vertical-align: inherit;\">Motivo da troca ou devolu\u00e7\u00e3o<\/span><\/span><\/li>\n<li><span style=\"vertical-align: inherit;\"><span style=\"vertical-align: inherit;\">Informe se a troca ser\u00e1 pelos Correios ou no local de retirada em Bras\u00edlia\u00a0<\/span><\/span><\/li>\n<\/ul>\n<p><span style=\"vertical-align: inherit;\"><span style=\"vertical-align: inherit;\">Assim que seu pedido chegar, n\u00f3s temos o prazo\u00a0de 5 (cinco) dias \u00fateis contados a partir do recebimento do(s) produto(s) para verificar se est\u00e1 tudo de acordo\u00a0com as condi\u00e7\u00f5es de devolu\u00e7\u00e3o do item e gerar um voucher com o valor do produto, que poder\u00e1 ser utilizado em qualquer outra pe\u00e7a do nosso site<\/span><\/span><\/p>\n<\/div>\n<\/div>\t\t\t\t\t\t\t\t<\/div>\n\t\t\t\t<\/div>\n\t\t\t\t\t<\/div>\n\t\t\t\t<\/div>\n\t\t\t\t<\/div>","protected":false},"excerpt":{"rendered":"<p>Pol\u00edtica de trocas e devolu\u00e7\u00f5es Considera\u00e7\u00f5es Gerais: \u00a0 Nossas pe\u00e7as s\u00e3o escolhidas com muito amor e cuidado para voc\u00ea, mas caso n\u00e3o atendam \u00e0s suas expectativas, nossa empresa criou uma pol\u00edtica de troca ou devolu\u00e7\u00e3o pautada no C\u00f3digo de Defesa do Consumidor, pensando na facilidade para que voc\u00ea (cliente) obtenha uma negocia\u00e7\u00e3o eficaz, \u00e1gil e [&hellip;]<\/p>\n","protected":false},"author":1,"featured_media":0,"parent":0,"menu_order":0,"comment_status":"closed","ping_status":"closed","template":"","meta":{"_joinchat":[],"footnotes":""},"class_list":["post-10","page","type-page","status-publish","hentry"],"yoast_head":"<!-- This site is optimized with the Yoast SEO plugin v27.4 - https:\/\/yoast.com\/product\/yoast-seo-wordpress\/ -->\n<title>Pol\u00edtica de reembolso e devolu\u00e7\u00f5es - Lavie de prata<\/title>\n<meta name=\"robots\" content=\"index, follow, max-snippet:-1, max-image-preview:large, max-video-preview:-1\" \/>\n<link rel=\"canonical\" href=\"https:\/\/laviedeprata.com\/en\/reembolso_devolucoes\/\" \/>\n<meta property=\"og:locale\" content=\"en_US\" \/>\n<meta property=\"og:type\" content=\"article\" \/>\n<meta property=\"og:title\" content=\"Pol\u00edtica de reembolso e devolu\u00e7\u00f5es - Lavie de prata\" \/>\n<meta property=\"og:description\" content=\"Pol\u00edtica de trocas e devolu\u00e7\u00f5es Considera\u00e7\u00f5es Gerais: \u00a0 Nossas pe\u00e7as s\u00e3o escolhidas com muito amor e cuidado para voc\u00ea, mas caso n\u00e3o atendam \u00e0s suas expectativas, nossa empresa criou uma pol\u00edtica de troca ou devolu\u00e7\u00e3o pautada no C\u00f3digo de Defesa do Consumidor, pensando na facilidade para que voc\u00ea (cliente) obtenha uma negocia\u00e7\u00e3o eficaz, \u00e1gil e [&hellip;]\" \/>\n<meta property=\"og:url\" content=\"https:\/\/laviedeprata.com\/en\/reembolso_devolucoes\/\" \/>\n<meta property=\"og:site_name\" content=\"Lavie de prata\" \/>\n<meta property=\"article:publisher\" content=\"https:\/\/www.facebook.com\/laviedeprata\/\" \/>\n<meta property=\"article:modified_time\" content=\"2022-10-10T15:08:24+00:00\" \/>\n<meta name=\"twitter:card\" content=\"summary_large_image\" \/>\n<meta name=\"twitter:label1\" content=\"Est. reading time\" \/>\n\t<meta name=\"twitter:data1\" content=\"3 minutes\" \/>\n<script type=\"application\/ld+json\" class=\"yoast-schema-graph\">{\"@context\":\"https:\\\/\\\/schema.org\",\"@graph\":[{\"@type\":\"WebPage\",\"@id\":\"https:\\\/\\\/laviedeprata.com\\\/reembolso_devolucoes\\\/\",\"url\":\"https:\\\/\\\/laviedeprata.com\\\/reembolso_devolucoes\\\/\",\"name\":\"Pol\u00edtica de reembolso e devolu\u00e7\u00f5es - Lavie de prata\",\"isPartOf\":{\"@id\":\"https:\\\/\\\/laviedeprata.com\\\/#website\"},\"datePublished\":\"2022-10-10T15:02:03+00:00\",\"dateModified\":\"2022-10-10T15:08:24+00:00\",\"breadcrumb\":{\"@id\":\"https:\\\/\\\/laviedeprata.com\\\/reembolso_devolucoes\\\/#breadcrumb\"},\"inLanguage\":\"en-US\",\"potentialAction\":[{\"@type\":\"ReadAction\",\"target\":[\"https:\\\/\\\/laviedeprata.com\\\/reembolso_devolucoes\\\/\"]}]},{\"@type\":\"BreadcrumbList\",\"@id\":\"https:\\\/\\\/laviedeprata.com\\\/reembolso_devolucoes\\\/#breadcrumb\",\"itemListElement\":[{\"@type\":\"ListItem\",\"position\":1,\"name\":\"In\u00edcio\",\"item\":\"https:\\\/\\\/laviedeprata.com\\\/\"},{\"@type\":\"ListItem\",\"position\":2,\"name\":\"Pol\u00edtica de reembolso e devolu\u00e7\u00f5es\"}]},{\"@type\":\"WebSite\",\"@id\":\"https:\\\/\\\/laviedeprata.com\\\/#website\",\"url\":\"https:\\\/\\\/laviedeprata.com\\\/\",\"name\":\"Lavie de prata\",\"description\":\"Colares, an\u00e9is, brincos, pulseiras, colares e piercings em Prata. Condi\u00e7\u00f5es especiais de parcelamento e Frete Gr\u00e1tis!\",\"publisher\":{\"@id\":\"https:\\\/\\\/laviedeprata.com\\\/#organization\"},\"potentialAction\":[{\"@type\":\"SearchAction\",\"target\":{\"@type\":\"EntryPoint\",\"urlTemplate\":\"https:\\\/\\\/laviedeprata.com\\\/?s={search_term_string}\"},\"query-input\":{\"@type\":\"PropertyValueSpecification\",\"valueRequired\":true,\"valueName\":\"search_term_string\"}}],\"inLanguage\":\"en-US\"},{\"@type\":\"Organization\",\"@id\":\"https:\\\/\\\/laviedeprata.com\\\/#organization\",\"name\":\"Lavie de prata\",\"url\":\"https:\\\/\\\/laviedeprata.com\\\/\",\"logo\":{\"@type\":\"ImageObject\",\"inLanguage\":\"en-US\",\"@id\":\"https:\\\/\\\/laviedeprata.com\\\/#\\\/schema\\\/logo\\\/image\\\/\",\"url\":\"https:\\\/\\\/laviedeprata.com\\\/wp-content\\\/uploads\\\/2022\\\/10\\\/cropped-cropped-IMG-1581-768x472-removebg-preview.png.webp\",\"contentUrl\":\"https:\\\/\\\/laviedeprata.com\\\/wp-content\\\/uploads\\\/2022\\\/10\\\/cropped-cropped-IMG-1581-768x472-removebg-preview.png.webp\",\"width\":449,\"height\":240,\"caption\":\"Lavie de prata\"},\"image\":{\"@id\":\"https:\\\/\\\/laviedeprata.com\\\/#\\\/schema\\\/logo\\\/image\\\/\"},\"sameAs\":[\"https:\\\/\\\/www.facebook.com\\\/laviedeprata\\\/\",\"https:\\\/\\\/www.instagram.com\\\/laviedeprata\\\/\"]}]}<\/script>\n<!-- \/ Yoast SEO plugin. -->","yoast_head_json":{"title":"Pol\u00edtica de reembolso e devolu\u00e7\u00f5es - Lavie de prata","robots":{"index":"index","follow":"follow","max-snippet":"max-snippet:-1","max-image-preview":"max-image-preview:large","max-video-preview":"max-video-preview:-1"},"canonical":"https:\/\/laviedeprata.com\/en\/reembolso_devolucoes\/","og_locale":"en_US","og_type":"article","og_title":"Pol\u00edtica de reembolso e devolu\u00e7\u00f5es - Lavie de prata","og_description":"Pol\u00edtica de trocas e devolu\u00e7\u00f5es Considera\u00e7\u00f5es Gerais: \u00a0 Nossas pe\u00e7as s\u00e3o escolhidas com muito amor e cuidado para voc\u00ea, mas caso n\u00e3o atendam \u00e0s suas expectativas, nossa empresa criou uma pol\u00edtica de troca ou devolu\u00e7\u00e3o pautada no C\u00f3digo de Defesa do Consumidor, pensando na facilidade para que voc\u00ea (cliente) obtenha uma negocia\u00e7\u00e3o eficaz, \u00e1gil e [&hellip;]","og_url":"https:\/\/laviedeprata.com\/en\/reembolso_devolucoes\/","og_site_name":"Lavie de prata","article_publisher":"https:\/\/www.facebook.com\/laviedeprata\/","article_modified_time":"2022-10-10T15:08:24+00:00","twitter_card":"summary_large_image","twitter_misc":{"Est. reading time":"3 minutes"},"schema":{"@context":"https:\/\/schema.org","@graph":[{"@type":"WebPage","@id":"https:\/\/laviedeprata.com\/reembolso_devolucoes\/","url":"https:\/\/laviedeprata.com\/reembolso_devolucoes\/","name":"Pol\u00edtica de reembolso e devolu\u00e7\u00f5es - Lavie de prata","isPartOf":{"@id":"https:\/\/laviedeprata.com\/#website"},"datePublished":"2022-10-10T15:02:03+00:00","dateModified":"2022-10-10T15:08:24+00:00","breadcrumb":{"@id":"https:\/\/laviedeprata.com\/reembolso_devolucoes\/#breadcrumb"},"inLanguage":"en-US","potentialAction":[{"@type":"ReadAction","target":["https:\/\/laviedeprata.com\/reembolso_devolucoes\/"]}]},{"@type":"BreadcrumbList","@id":"https:\/\/laviedeprata.com\/reembolso_devolucoes\/#breadcrumb","itemListElement":[{"@type":"ListItem","position":1,"name":"In\u00edcio","item":"https:\/\/laviedeprata.com\/"},{"@type":"ListItem","position":2,"name":"Pol\u00edtica de reembolso e devolu\u00e7\u00f5es"}]},{"@type":"WebSite","@id":"https:\/\/laviedeprata.com\/#website","url":"https:\/\/laviedeprata.com\/","name":"Lavie de prata","description":"Colares, an\u00e9is, brincos, pulseiras, colares e piercings em Prata. Condi\u00e7\u00f5es especiais de parcelamento e Frete Gr\u00e1tis!","publisher":{"@id":"https:\/\/laviedeprata.com\/#organization"},"potentialAction":[{"@type":"SearchAction","target":{"@type":"EntryPoint","urlTemplate":"https:\/\/laviedeprata.com\/?s={search_term_string}"},"query-input":{"@type":"PropertyValueSpecification","valueRequired":true,"valueName":"search_term_string"}}],"inLanguage":"en-US"},{"@type":"Organization","@id":"https:\/\/laviedeprata.com\/#organization","name":"Lavie de prata","url":"https:\/\/laviedeprata.com\/","logo":{"@type":"ImageObject","inLanguage":"en-US","@id":"https:\/\/laviedeprata.com\/#\/schema\/logo\/image\/","url":"https:\/\/laviedeprata.com\/wp-content\/uploads\/2022\/10\/cropped-cropped-IMG-1581-768x472-removebg-preview.png.webp","contentUrl":"https:\/\/laviedeprata.com\/wp-content\/uploads\/2022\/10\/cropped-cropped-IMG-1581-768x472-removebg-preview.png.webp","width":449,"height":240,"caption":"Lavie de prata"},"image":{"@id":"https:\/\/laviedeprata.com\/#\/schema\/logo\/image\/"},"sameAs":["https:\/\/www.facebook.com\/laviedeprata\/","https:\/\/www.instagram.com\/laviedeprata\/"]}]}},"_links":{"self":[{"href":"https:\/\/laviedeprata.com\/en\/wp-json\/wp\/v2\/pages\/10","targetHints":{"allow":["GET"]}}],"collection":[{"href":"https:\/\/laviedeprata.com\/en\/wp-json\/wp\/v2\/pages"}],"about":[{"href":"https:\/\/laviedeprata.com\/en\/wp-json\/wp\/v2\/types\/page"}],"author":[{"embeddable":true,"href":"https:\/\/laviedeprata.com\/en\/wp-json\/wp\/v2\/users\/1"}],"replies":[{"embeddable":true,"href":"https:\/\/laviedeprata.com\/en\/wp-json\/wp\/v2\/comments?post=10"}],"version-history":[{"count":0,"href":"https:\/\/laviedeprata.com\/en\/wp-json\/wp\/v2\/pages\/10\/revisions"}],"wp:attachment":[{"href":"https:\/\/laviedeprata.com\/en\/wp-json\/wp\/v2\/media?parent=10"}],"curies":[{"name":"wp","href":"https:\/\/api.w.org\/{rel}","templated":true}]}}