{"id":1292,"date":"2022-10-10T14:42:33","date_gmt":"2022-10-10T14:42:33","guid":{"rendered":"https:\/\/laviedeprata.com\/?page_id=1292"},"modified":"2022-10-10T14:54:02","modified_gmt":"2022-10-10T14:54:02","slug":"politica-de-frete","status":"publish","type":"page","link":"https:\/\/laviedeprata.com\/en\/politica-de-frete\/","title":{"rendered":"Pol\u00edtica de Frete"},"content":{"rendered":"<div data-elementor-type=\"wp-page\" data-elementor-id=\"1292\" class=\"elementor elementor-1292\" data-elementor-post-type=\"page\">\n\t\t\t\t<div class=\"elementor-element elementor-element-7e67a75 e-flex e-con-boxed xts-section-disabled e-con e-parent\" data-id=\"7e67a75\" data-element_type=\"container\" data-e-type=\"container\">\n\t\t\t\t\t<div class=\"e-con-inner\">\n\t\t\t\t<div class=\"elementor-element elementor-element-03a892b elementor-widget elementor-widget-heading\" data-id=\"03a892b\" data-element_type=\"widget\" data-e-type=\"widget\" data-widget_type=\"heading.default\">\n\t\t\t\t<div class=\"elementor-widget-container\">\n\t\t\t\t\t<h2 class=\"elementor-heading-title elementor-size-default\">Pol\u00edtica de Frete<\/h2>\t\t\t\t<\/div>\n\t\t\t\t<\/div>\n\t\t\t\t<div class=\"elementor-element elementor-element-e017bca xts-scheme-inherit xts-textalign-inherit elementor-widget elementor-widget-text-editor\" data-id=\"e017bca\" data-element_type=\"widget\" data-e-type=\"widget\" data-widget_type=\"text-editor.default\">\n\t\t\t\t<div class=\"elementor-widget-container\">\n\t\t\t\t\t\t\t\t\t<p>As entregas s\u00e3o feitas pelos Correios por Sedex, Encomenda Normal PAC ou Mini envios.\u00a0<\/p><p>Na promo\u00e7\u00e3o de FRETE GRATIS, a entrega \u00e9 feita pelo sistema de Encomenda Normal dos Correios (PAC) ou por SEDEX (apenas para o DF e entorno), respeitando as seguintes regras:<\/p><p>Distrito Federal e entorno: compras a partir de R$189,00 tem frete gr\u00e1tis via Sedex.\u00a0<\/p><p>Sul, Sudeste e Centro-Oeste: compras a partir de R$209,00 tem direito a frete gr\u00e1tis.\u00a0<\/p><p>Norte e Nordeste: compras a partir de R$269,00 tem direito a frete gr\u00e1tis.\u00a0<\/p><p><strong>Prazo de entrega:<\/strong><\/p><p>O prazo de entrega depender\u00e1 do CEP e do tipo de frete escolhido no momento da compra, geralmente, no caso do PAC, calcula-se o\u00a0dia da postagem + 3 a 10 dias \u00fateis, dependendo do local de entrega. Por Sedex, calcula-se o dia da postagem + 1 a 3 dias \u00fateis, dependendo do local de entrega.\u00a0<\/p><p>Voc\u00ea receber\u00e1 o c\u00f3digo de rastreamento de seu pedido no seu e-mail de cadastro. Lembrando que o nosso tempo para separa\u00e7\u00e3o e envio do pedido \u00e9 de 3 dias \u00fateis.\u00a0<\/p><p><strong>Problemas com a entrega:<\/strong><\/p><p>A La Vie de Prata n\u00e3o se responsabiliza por problemas na entrega em virtude de endere\u00e7os incorretos ou incompletos.\u00a0<\/p><p>O consumidor fica ciente que a partir do momento que o pedido sai para entrega, todos os problemas de log\u00edstica passam a ser de responsabilidade dos Correios. No caso de imprevistos na entrega do pedido, nos disponibilizamos para abrir uma reclama\u00e7\u00e3o junto aos Correios.<\/p>\t\t\t\t\t\t\t\t<\/div>\n\t\t\t\t<\/div>\n\t\t\t\t\t<\/div>\n\t\t\t\t<\/div>\n\t\t\t\t<\/div>","protected":false},"excerpt":{"rendered":"<p>Pol\u00edtica de Frete As entregas s\u00e3o feitas pelos Correios por Sedex, Encomenda Normal PAC ou Mini envios.\u00a0 Na promo\u00e7\u00e3o de FRETE GRATIS, a entrega \u00e9 feita pelo sistema de Encomenda Normal dos Correios (PAC) ou por SEDEX (apenas para o DF e entorno), respeitando as seguintes regras: Distrito Federal e entorno: compras a partir de [&hellip;]<\/p>\n","protected":false},"author":1,"featured_media":0,"parent":0,"menu_order":0,"comment_status":"closed","ping_status":"closed","template":"","meta":{"_joinchat":[],"footnotes":""},"class_list":["post-1292","page","type-page","status-publish","hentry"],"yoast_head":"<!-- This site is optimized with the Yoast SEO plugin v27.4 - https:\/\/yoast.com\/product\/yoast-seo-wordpress\/ -->\n<title>Pol\u00edtica de Frete - Lavie de prata<\/title>\n<meta name=\"robots\" content=\"index, follow, max-snippet:-1, max-image-preview:large, max-video-preview:-1\" \/>\n<link rel=\"canonical\" href=\"https:\/\/laviedeprata.com\/en\/politica-de-frete\/\" \/>\n<meta property=\"og:locale\" content=\"en_US\" \/>\n<meta property=\"og:type\" content=\"article\" \/>\n<meta property=\"og:title\" content=\"Pol\u00edtica de Frete - Lavie de prata\" \/>\n<meta property=\"og:description\" content=\"Pol\u00edtica de Frete As entregas s\u00e3o feitas pelos Correios por Sedex, Encomenda Normal PAC ou Mini envios.\u00a0 Na promo\u00e7\u00e3o de FRETE GRATIS, a entrega \u00e9 feita pelo sistema de Encomenda Normal dos Correios (PAC) ou por SEDEX (apenas para o DF e entorno), respeitando as seguintes regras: Distrito Federal e entorno: compras a partir de [&hellip;]\" \/>\n<meta property=\"og:url\" content=\"https:\/\/laviedeprata.com\/en\/politica-de-frete\/\" \/>\n<meta property=\"og:site_name\" content=\"Lavie de prata\" \/>\n<meta property=\"article:publisher\" content=\"https:\/\/www.facebook.com\/laviedeprata\/\" \/>\n<meta property=\"article:modified_time\" content=\"2022-10-10T14:54:02+00:00\" \/>\n<meta name=\"twitter:card\" content=\"summary_large_image\" \/>\n<meta name=\"twitter:label1\" content=\"Est. reading time\" \/>\n\t<meta name=\"twitter:data1\" content=\"1 minute\" \/>\n<script type=\"application\/ld+json\" class=\"yoast-schema-graph\">{\"@context\":\"https:\\\/\\\/schema.org\",\"@graph\":[{\"@type\":\"WebPage\",\"@id\":\"https:\\\/\\\/laviedeprata.com\\\/politica-de-frete\\\/\",\"url\":\"https:\\\/\\\/laviedeprata.com\\\/politica-de-frete\\\/\",\"name\":\"Pol\u00edtica de Frete - Lavie de prata\",\"isPartOf\":{\"@id\":\"https:\\\/\\\/laviedeprata.com\\\/#website\"},\"datePublished\":\"2022-10-10T14:42:33+00:00\",\"dateModified\":\"2022-10-10T14:54:02+00:00\",\"breadcrumb\":{\"@id\":\"https:\\\/\\\/laviedeprata.com\\\/politica-de-frete\\\/#breadcrumb\"},\"inLanguage\":\"en-US\",\"potentialAction\":[{\"@type\":\"ReadAction\",\"target\":[\"https:\\\/\\\/laviedeprata.com\\\/politica-de-frete\\\/\"]}]},{\"@type\":\"BreadcrumbList\",\"@id\":\"https:\\\/\\\/laviedeprata.com\\\/politica-de-frete\\\/#breadcrumb\",\"itemListElement\":[{\"@type\":\"ListItem\",\"position\":1,\"name\":\"In\u00edcio\",\"item\":\"https:\\\/\\\/laviedeprata.com\\\/\"},{\"@type\":\"ListItem\",\"position\":2,\"name\":\"Pol\u00edtica de Frete\"}]},{\"@type\":\"WebSite\",\"@id\":\"https:\\\/\\\/laviedeprata.com\\\/#website\",\"url\":\"https:\\\/\\\/laviedeprata.com\\\/\",\"name\":\"Lavie de prata\",\"description\":\"Colares, an\u00e9is, brincos, pulseiras, colares e piercings em Prata. Condi\u00e7\u00f5es especiais de parcelamento e Frete Gr\u00e1tis!\",\"publisher\":{\"@id\":\"https:\\\/\\\/laviedeprata.com\\\/#organization\"},\"potentialAction\":[{\"@type\":\"SearchAction\",\"target\":{\"@type\":\"EntryPoint\",\"urlTemplate\":\"https:\\\/\\\/laviedeprata.com\\\/?s={search_term_string}\"},\"query-input\":{\"@type\":\"PropertyValueSpecification\",\"valueRequired\":true,\"valueName\":\"search_term_string\"}}],\"inLanguage\":\"en-US\"},{\"@type\":\"Organization\",\"@id\":\"https:\\\/\\\/laviedeprata.com\\\/#organization\",\"name\":\"Lavie de prata\",\"url\":\"https:\\\/\\\/laviedeprata.com\\\/\",\"logo\":{\"@type\":\"ImageObject\",\"inLanguage\":\"en-US\",\"@id\":\"https:\\\/\\\/laviedeprata.com\\\/#\\\/schema\\\/logo\\\/image\\\/\",\"url\":\"https:\\\/\\\/laviedeprata.com\\\/wp-content\\\/uploads\\\/2022\\\/10\\\/cropped-cropped-IMG-1581-768x472-removebg-preview.png.webp\",\"contentUrl\":\"https:\\\/\\\/laviedeprata.com\\\/wp-content\\\/uploads\\\/2022\\\/10\\\/cropped-cropped-IMG-1581-768x472-removebg-preview.png.webp\",\"width\":449,\"height\":240,\"caption\":\"Lavie de prata\"},\"image\":{\"@id\":\"https:\\\/\\\/laviedeprata.com\\\/#\\\/schema\\\/logo\\\/image\\\/\"},\"sameAs\":[\"https:\\\/\\\/www.facebook.com\\\/laviedeprata\\\/\",\"https:\\\/\\\/www.instagram.com\\\/laviedeprata\\\/\"]}]}<\/script>\n<!-- \/ Yoast SEO plugin. -->","yoast_head_json":{"title":"Pol\u00edtica de Frete - Lavie de prata","robots":{"index":"index","follow":"follow","max-snippet":"max-snippet:-1","max-image-preview":"max-image-preview:large","max-video-preview":"max-video-preview:-1"},"canonical":"https:\/\/laviedeprata.com\/en\/politica-de-frete\/","og_locale":"en_US","og_type":"article","og_title":"Pol\u00edtica de Frete - Lavie de prata","og_description":"Pol\u00edtica de Frete As entregas s\u00e3o feitas pelos Correios por Sedex, Encomenda Normal PAC ou Mini envios.\u00a0 Na promo\u00e7\u00e3o de FRETE GRATIS, a entrega \u00e9 feita pelo sistema de Encomenda Normal dos Correios (PAC) ou por SEDEX (apenas para o DF e entorno), respeitando as seguintes regras: Distrito Federal e entorno: compras a partir de [&hellip;]","og_url":"https:\/\/laviedeprata.com\/en\/politica-de-frete\/","og_site_name":"Lavie de prata","article_publisher":"https:\/\/www.facebook.com\/laviedeprata\/","article_modified_time":"2022-10-10T14:54:02+00:00","twitter_card":"summary_large_image","twitter_misc":{"Est. reading time":"1 minute"},"schema":{"@context":"https:\/\/schema.org","@graph":[{"@type":"WebPage","@id":"https:\/\/laviedeprata.com\/politica-de-frete\/","url":"https:\/\/laviedeprata.com\/politica-de-frete\/","name":"Pol\u00edtica de Frete - Lavie de prata","isPartOf":{"@id":"https:\/\/laviedeprata.com\/#website"},"datePublished":"2022-10-10T14:42:33+00:00","dateModified":"2022-10-10T14:54:02+00:00","breadcrumb":{"@id":"https:\/\/laviedeprata.com\/politica-de-frete\/#breadcrumb"},"inLanguage":"en-US","potentialAction":[{"@type":"ReadAction","target":["https:\/\/laviedeprata.com\/politica-de-frete\/"]}]},{"@type":"BreadcrumbList","@id":"https:\/\/laviedeprata.com\/politica-de-frete\/#breadcrumb","itemListElement":[{"@type":"ListItem","position":1,"name":"In\u00edcio","item":"https:\/\/laviedeprata.com\/"},{"@type":"ListItem","position":2,"name":"Pol\u00edtica de Frete"}]},{"@type":"WebSite","@id":"https:\/\/laviedeprata.com\/#website","url":"https:\/\/laviedeprata.com\/","name":"Lavie de prata","description":"Colares, an\u00e9is, brincos, pulseiras, colares e piercings em Prata. Condi\u00e7\u00f5es especiais de parcelamento e Frete Gr\u00e1tis!","publisher":{"@id":"https:\/\/laviedeprata.com\/#organization"},"potentialAction":[{"@type":"SearchAction","target":{"@type":"EntryPoint","urlTemplate":"https:\/\/laviedeprata.com\/?s={search_term_string}"},"query-input":{"@type":"PropertyValueSpecification","valueRequired":true,"valueName":"search_term_string"}}],"inLanguage":"en-US"},{"@type":"Organization","@id":"https:\/\/laviedeprata.com\/#organization","name":"Lavie de prata","url":"https:\/\/laviedeprata.com\/","logo":{"@type":"ImageObject","inLanguage":"en-US","@id":"https:\/\/laviedeprata.com\/#\/schema\/logo\/image\/","url":"https:\/\/laviedeprata.com\/wp-content\/uploads\/2022\/10\/cropped-cropped-IMG-1581-768x472-removebg-preview.png.webp","contentUrl":"https:\/\/laviedeprata.com\/wp-content\/uploads\/2022\/10\/cropped-cropped-IMG-1581-768x472-removebg-preview.png.webp","width":449,"height":240,"caption":"Lavie de prata"},"image":{"@id":"https:\/\/laviedeprata.com\/#\/schema\/logo\/image\/"},"sameAs":["https:\/\/www.facebook.com\/laviedeprata\/","https:\/\/www.instagram.com\/laviedeprata\/"]}]}},"_links":{"self":[{"href":"https:\/\/laviedeprata.com\/en\/wp-json\/wp\/v2\/pages\/1292","targetHints":{"allow":["GET"]}}],"collection":[{"href":"https:\/\/laviedeprata.com\/en\/wp-json\/wp\/v2\/pages"}],"about":[{"href":"https:\/\/laviedeprata.com\/en\/wp-json\/wp\/v2\/types\/page"}],"author":[{"embeddable":true,"href":"https:\/\/laviedeprata.com\/en\/wp-json\/wp\/v2\/users\/1"}],"replies":[{"embeddable":true,"href":"https:\/\/laviedeprata.com\/en\/wp-json\/wp\/v2\/comments?post=1292"}],"version-history":[{"count":0,"href":"https:\/\/laviedeprata.com\/en\/wp-json\/wp\/v2\/pages\/1292\/revisions"}],"wp:attachment":[{"href":"https:\/\/laviedeprata.com\/en\/wp-json\/wp\/v2\/media?parent=1292"}],"curies":[{"name":"wp","href":"https:\/\/api.w.org\/{rel}","templated":true}]}}