{"id":2180,"date":"2023-09-06T13:25:46","date_gmt":"2023-09-06T13:25:46","guid":{"rendered":"https:\/\/laviedeprata.com\/?page_id=2180"},"modified":"2023-09-06T14:27:36","modified_gmt":"2023-09-06T14:27:36","slug":"wishlist","status":"publish","type":"page","link":"https:\/\/laviedeprata.com\/en\/wishlist\/","title":{"rendered":"Lista de Desejos"},"content":{"rendered":"\t\t<div data-elementor-type=\"wp-page\" data-elementor-id=\"2180\" class=\"elementor elementor-2180\" data-elementor-post-type=\"page\">\n\t\t\t\t<div class=\"elementor-element elementor-element-32c3d3e e-flex e-con-boxed xts-section-disabled e-con e-parent\" data-id=\"32c3d3e\" data-element_type=\"container\" data-e-type=\"container\">\n\t\t\t\t\t<div class=\"e-con-inner\">\n\t\t<div class=\"elementor-element elementor-element-a899546 e-con-full e-flex xts-section-disabled e-con e-child\" data-id=\"a899546\" data-element_type=\"container\" data-e-type=\"container\">\n\t\t\t\t<div class=\"elementor-element elementor-element-e9671ae elementor-widget elementor-widget-shortcode\" data-id=\"e9671ae\" data-element_type=\"widget\" data-e-type=\"widget\" data-widget_type=\"shortcode.default\">\n\t\t\t\t<div class=\"elementor-widget-container\">\n\t\t\t\t\t\t\t<div class=\"elementor-shortcode\">[ti_wishlistsview]<\/div>\n\t\t\t\t\t\t<\/div>\n\t\t\t\t<\/div>\n\t\t\t\t<\/div>\n\t\t\t\t\t<\/div>\n\t\t\t\t<\/div>\n\t\t\t\t<\/div>\n\t\t","protected":false},"excerpt":{"rendered":"<p>[ti_wishlistsview]<\/p>\n","protected":false},"author":2,"featured_media":0,"parent":0,"menu_order":0,"comment_status":"closed","ping_status":"closed","template":"","meta":{"_joinchat":[],"footnotes":""},"class_list":["post-2180","page","type-page","status-publish","hentry"],"yoast_head":"<!-- This site is optimized with the Yoast SEO plugin v27.4 - https:\/\/yoast.com\/product\/yoast-seo-wordpress\/ -->\n<title>Lista de Desejos - Lavie de prata<\/title>\n<meta name=\"robots\" content=\"index, follow, max-snippet:-1, max-image-preview:large, max-video-preview:-1\" \/>\n<link rel=\"canonical\" href=\"https:\/\/laviedeprata.com\/en\/wishlist\/\" \/>\n<meta property=\"og:locale\" content=\"en_US\" \/>\n<meta property=\"og:type\" content=\"article\" \/>\n<meta property=\"og:title\" content=\"Lista de Desejos - Lavie de prata\" \/>\n<meta property=\"og:description\" content=\"[ti_wishlistsview]\" \/>\n<meta property=\"og:url\" content=\"https:\/\/laviedeprata.com\/en\/wishlist\/\" \/>\n<meta property=\"og:site_name\" content=\"Lavie de prata\" \/>\n<meta property=\"article:publisher\" content=\"https:\/\/www.facebook.com\/laviedeprata\/\" \/>\n<meta property=\"article:modified_time\" content=\"2023-09-06T14:27:36+00:00\" \/>\n<meta name=\"twitter:card\" content=\"summary_large_image\" \/>\n<meta name=\"twitter:label1\" content=\"Est. reading time\" \/>\n\t<meta name=\"twitter:data1\" content=\"1 minute\" \/>\n<script type=\"application\/ld+json\" class=\"yoast-schema-graph\">{\"@context\":\"https:\\\/\\\/schema.org\",\"@graph\":[{\"@type\":\"WebPage\",\"@id\":\"https:\\\/\\\/laviedeprata.com\\\/wishlist\\\/\",\"url\":\"https:\\\/\\\/laviedeprata.com\\\/wishlist\\\/\",\"name\":\"Lista de Desejos - Lavie de prata\",\"isPartOf\":{\"@id\":\"https:\\\/\\\/laviedeprata.com\\\/#website\"},\"datePublished\":\"2023-09-06T13:25:46+00:00\",\"dateModified\":\"2023-09-06T14:27:36+00:00\",\"breadcrumb\":{\"@id\":\"https:\\\/\\\/laviedeprata.com\\\/wishlist\\\/#breadcrumb\"},\"inLanguage\":\"en-US\",\"potentialAction\":[{\"@type\":\"ReadAction\",\"target\":[\"https:\\\/\\\/laviedeprata.com\\\/wishlist\\\/\"]}]},{\"@type\":\"BreadcrumbList\",\"@id\":\"https:\\\/\\\/laviedeprata.com\\\/wishlist\\\/#breadcrumb\",\"itemListElement\":[{\"@type\":\"ListItem\",\"position\":1,\"name\":\"In\u00edcio\",\"item\":\"https:\\\/\\\/laviedeprata.com\\\/\"},{\"@type\":\"ListItem\",\"position\":2,\"name\":\"Lista de Desejos\"}]},{\"@type\":\"WebSite\",\"@id\":\"https:\\\/\\\/laviedeprata.com\\\/#website\",\"url\":\"https:\\\/\\\/laviedeprata.com\\\/\",\"name\":\"Lavie de prata\",\"description\":\"Colares, an\u00e9is, brincos, pulseiras, colares e piercings em Prata. Condi\u00e7\u00f5es especiais de parcelamento e Frete Gr\u00e1tis!\",\"publisher\":{\"@id\":\"https:\\\/\\\/laviedeprata.com\\\/#organization\"},\"potentialAction\":[{\"@type\":\"SearchAction\",\"target\":{\"@type\":\"EntryPoint\",\"urlTemplate\":\"https:\\\/\\\/laviedeprata.com\\\/?s={search_term_string}\"},\"query-input\":{\"@type\":\"PropertyValueSpecification\",\"valueRequired\":true,\"valueName\":\"search_term_string\"}}],\"inLanguage\":\"en-US\"},{\"@type\":\"Organization\",\"@id\":\"https:\\\/\\\/laviedeprata.com\\\/#organization\",\"name\":\"Lavie de prata\",\"url\":\"https:\\\/\\\/laviedeprata.com\\\/\",\"logo\":{\"@type\":\"ImageObject\",\"inLanguage\":\"en-US\",\"@id\":\"https:\\\/\\\/laviedeprata.com\\\/#\\\/schema\\\/logo\\\/image\\\/\",\"url\":\"https:\\\/\\\/laviedeprata.com\\\/wp-content\\\/uploads\\\/2022\\\/10\\\/cropped-cropped-IMG-1581-768x472-removebg-preview.png.webp\",\"contentUrl\":\"https:\\\/\\\/laviedeprata.com\\\/wp-content\\\/uploads\\\/2022\\\/10\\\/cropped-cropped-IMG-1581-768x472-removebg-preview.png.webp\",\"width\":449,\"height\":240,\"caption\":\"Lavie de prata\"},\"image\":{\"@id\":\"https:\\\/\\\/laviedeprata.com\\\/#\\\/schema\\\/logo\\\/image\\\/\"},\"sameAs\":[\"https:\\\/\\\/www.facebook.com\\\/laviedeprata\\\/\",\"https:\\\/\\\/www.instagram.com\\\/laviedeprata\\\/\"]}]}<\/script>\n<!-- \/ Yoast SEO plugin. -->","yoast_head_json":{"title":"Lista de Desejos - Lavie de prata","robots":{"index":"index","follow":"follow","max-snippet":"max-snippet:-1","max-image-preview":"max-image-preview:large","max-video-preview":"max-video-preview:-1"},"canonical":"https:\/\/laviedeprata.com\/en\/wishlist\/","og_locale":"en_US","og_type":"article","og_title":"Lista de Desejos - Lavie de prata","og_description":"[ti_wishlistsview]","og_url":"https:\/\/laviedeprata.com\/en\/wishlist\/","og_site_name":"Lavie de prata","article_publisher":"https:\/\/www.facebook.com\/laviedeprata\/","article_modified_time":"2023-09-06T14:27:36+00:00","twitter_card":"summary_large_image","twitter_misc":{"Est. reading time":"1 minute"},"schema":{"@context":"https:\/\/schema.org","@graph":[{"@type":"WebPage","@id":"https:\/\/laviedeprata.com\/wishlist\/","url":"https:\/\/laviedeprata.com\/wishlist\/","name":"Lista de Desejos - Lavie de prata","isPartOf":{"@id":"https:\/\/laviedeprata.com\/#website"},"datePublished":"2023-09-06T13:25:46+00:00","dateModified":"2023-09-06T14:27:36+00:00","breadcrumb":{"@id":"https:\/\/laviedeprata.com\/wishlist\/#breadcrumb"},"inLanguage":"en-US","potentialAction":[{"@type":"ReadAction","target":["https:\/\/laviedeprata.com\/wishlist\/"]}]},{"@type":"BreadcrumbList","@id":"https:\/\/laviedeprata.com\/wishlist\/#breadcrumb","itemListElement":[{"@type":"ListItem","position":1,"name":"In\u00edcio","item":"https:\/\/laviedeprata.com\/"},{"@type":"ListItem","position":2,"name":"Lista de Desejos"}]},{"@type":"WebSite","@id":"https:\/\/laviedeprata.com\/#website","url":"https:\/\/laviedeprata.com\/","name":"Lavie de prata","description":"Colares, an\u00e9is, brincos, pulseiras, colares e piercings em Prata. Condi\u00e7\u00f5es especiais de parcelamento e Frete Gr\u00e1tis!","publisher":{"@id":"https:\/\/laviedeprata.com\/#organization"},"potentialAction":[{"@type":"SearchAction","target":{"@type":"EntryPoint","urlTemplate":"https:\/\/laviedeprata.com\/?s={search_term_string}"},"query-input":{"@type":"PropertyValueSpecification","valueRequired":true,"valueName":"search_term_string"}}],"inLanguage":"en-US"},{"@type":"Organization","@id":"https:\/\/laviedeprata.com\/#organization","name":"Lavie de prata","url":"https:\/\/laviedeprata.com\/","logo":{"@type":"ImageObject","inLanguage":"en-US","@id":"https:\/\/laviedeprata.com\/#\/schema\/logo\/image\/","url":"https:\/\/laviedeprata.com\/wp-content\/uploads\/2022\/10\/cropped-cropped-IMG-1581-768x472-removebg-preview.png.webp","contentUrl":"https:\/\/laviedeprata.com\/wp-content\/uploads\/2022\/10\/cropped-cropped-IMG-1581-768x472-removebg-preview.png.webp","width":449,"height":240,"caption":"Lavie de prata"},"image":{"@id":"https:\/\/laviedeprata.com\/#\/schema\/logo\/image\/"},"sameAs":["https:\/\/www.facebook.com\/laviedeprata\/","https:\/\/www.instagram.com\/laviedeprata\/"]}]}},"_links":{"self":[{"href":"https:\/\/laviedeprata.com\/en\/wp-json\/wp\/v2\/pages\/2180","targetHints":{"allow":["GET"]}}],"collection":[{"href":"https:\/\/laviedeprata.com\/en\/wp-json\/wp\/v2\/pages"}],"about":[{"href":"https:\/\/laviedeprata.com\/en\/wp-json\/wp\/v2\/types\/page"}],"author":[{"embeddable":true,"href":"https:\/\/laviedeprata.com\/en\/wp-json\/wp\/v2\/users\/2"}],"replies":[{"embeddable":true,"href":"https:\/\/laviedeprata.com\/en\/wp-json\/wp\/v2\/comments?post=2180"}],"version-history":[{"count":0,"href":"https:\/\/laviedeprata.com\/en\/wp-json\/wp\/v2\/pages\/2180\/revisions"}],"wp:attachment":[{"href":"https:\/\/laviedeprata.com\/en\/wp-json\/wp\/v2\/media?parent=2180"}],"curies":[{"name":"wp","href":"https:\/\/api.w.org\/{rel}","templated":true}]}}