{"id":4460,"date":"2025-09-29T14:51:13","date_gmt":"2025-09-29T14:51:13","guid":{"rendered":"https:\/\/laviedeprata.com\/?page_id=4460"},"modified":"2025-09-29T14:53:13","modified_gmt":"2025-09-29T14:53:13","slug":"politica-de-cookies","status":"publish","type":"page","link":"https:\/\/laviedeprata.com\/en\/politica-de-cookies\/","title":{"rendered":"Politica de cookies"},"content":{"rendered":"<div data-elementor-type=\"wp-page\" data-elementor-id=\"4460\" class=\"elementor elementor-4460\" data-elementor-post-type=\"page\">\n\t\t\t\t<div class=\"xts-negative-gap elementor-element elementor-element-e42cb73 e-flex e-con-boxed xts-section-disabled e-con e-parent\" data-id=\"e42cb73\" data-element_type=\"container\" data-e-type=\"container\">\n\t\t\t\t\t<div class=\"e-con-inner\">\n\t\t\t\t<div class=\"elementor-element elementor-element-801e102 xts-scheme-inherit xts-textalign-inherit elementor-widget elementor-widget-text-editor\" data-id=\"801e102\" data-element_type=\"widget\" data-e-type=\"widget\" data-widget_type=\"text-editor.default\">\n\t\t\t\t<div class=\"elementor-widget-container\">\n\t\t\t\t\t\t\t\t\t<h4>POL\u00cdTICA DE COOKIES<\/h4><p>Esta Pol\u00edtica de Cookies explica como a <b>La Vie de Prata<\/b> utiliza <i>cookies<\/i> e tecnologias similares para coletar e armazenar informa\u00e7\u00f5es quando voc\u00ea visita nosso site.<\/p><h4>3.1. O que s\u00e3o Cookies?<\/h4><p><i>Cookies<\/i> s\u00e3o pequenos arquivos de texto que s\u00e3o armazenados no seu computador ou dispositivo m\u00f3vel quando voc\u00ea visita um site. Eles permitem que o site &#8220;lembre&#8221; suas a\u00e7\u00f5es ou prefer\u00eancias ao longo do tempo.<\/p><h4>3.2. Para que Utilizamos Cookies?<\/h4><p>Utilizamos <i>cookies<\/i> para diferentes finalidades, que se enquadram nas seguintes categorias:<\/p><div class=\"horizontal-scroll-wrapper\"><div class=\"table-block-component\"><div class=\"table-block has-export-button\"><div class=\"table-content not-end-of-paragraph\" data-hveid=\"0\" data-ved=\"0CAAQ3ecQahcKEwjsq9jSmf6PAxUAAAAAHQAAAAAQXA\"><table><thead><tr><td>Categoria de Cookie<\/td><td>Finalidade e Descri\u00e7\u00e3o<\/td><td>Base Legal (LGPD)<\/td><\/tr><\/thead><tbody><tr><td><b>Cookies Estritamente Necess\u00e1rios<\/b><\/td><td>Essenciais para o funcionamento b\u00e1sico do site, como gerenciar o carrinho de compras, o <i>login<\/i> do usu\u00e1rio e a seguran\u00e7a. <b>N\u00e3o exigem consentimento<\/b>.<\/td><td>Leg\u00edtimo Interesse \/ Execu\u00e7\u00e3o do Contrato<\/td><\/tr><tr><td><b>Cookies de Desempenho e An\u00e1lise<\/b><\/td><td>Coletam informa\u00e7\u00f5es an\u00f4nimas sobre como os visitantes usam o site (ex: quais p\u00e1ginas visitam, se encontram erros). Ajuda a medir e melhorar o desempenho.<\/td><td>Consentimento<\/td><\/tr><tr><td><b>Cookies de Funcionalidade<\/b><\/td><td>Permitem que o site lembre de escolhas feitas pelo usu\u00e1rio (como nome de usu\u00e1rio, idioma ou regi\u00e3o) para fornecer uma experi\u00eancia mais personalizada.<\/td><td>Consentimento<\/td><\/tr><tr><td><b>Cookies de Publicidade e Marketing<\/b><\/td><td>Usados para rastrear a navega\u00e7\u00e3o do usu\u00e1rio e exibir an\u00fancios mais relevantes. Podem ser usados por terceiros (como Google e Facebook) para segmenta\u00e7\u00e3o.<\/td><td>Consentimento<\/td><\/tr><\/tbody><\/table><\/div><div class=\"table-footer hide-from-message-actions ng-star-inserted\">\u00a0<\/div><\/div><\/div><\/div><h4>3.3. Seu Consentimento<\/h4><p>Em cumprimento \u00e0 LGPD, o uso de <i>cookies<\/i> de <b>Desempenho, Funcionalidade e Publicidade<\/b> exige o seu consentimento pr\u00e9vio.<\/p><ul><li><p>Voc\u00ea ser\u00e1 notificado por meio de um <b>banner<\/b> ou <b>pop-up<\/b> em sua primeira visita.<\/p><\/li><li><p>Voc\u00ea ter\u00e1 a op\u00e7\u00e3o de <b>Aceitar Todos<\/b>, <b>Rejeitar Todos<\/b> (exceto os estritamente necess\u00e1rios) ou <b>Personalizar<\/b> suas prefer\u00eancias de <i>cookies<\/i>.<\/p><\/li><\/ul><h4>3.4. Gest\u00e3o e Exclus\u00e3o de Cookies<\/h4><p>Voc\u00ea pode gerenciar ou desativar o uso de <i>cookies<\/i> a qualquer momento, acessando:<\/p><ol start=\"1\"><li><p><b>O banner de consentimento<\/b> presente no nosso site (que permite alterar as suas escolhas).<\/p><\/li><li><p><b>As configura\u00e7\u00f5es do seu navegador<\/b> (Chrome, Firefox, Edge, Safari, etc.), onde voc\u00ea pode apagar <i>cookies<\/i> existentes e configurar a aceita\u00e7\u00e3o ou rejei\u00e7\u00e3o de novos <i>cookies<\/i>.<\/p><\/li><\/ol><p><b>Aten\u00e7\u00e3o:<\/b> Se voc\u00ea desativar <i>cookies<\/i> estritamente necess\u00e1rios, algumas funcionalidades do site (como o carrinho de compras e o <i>login<\/i>) podem n\u00e3o funcionar corretamente.<\/p><h4>3.5. Contato<\/h4><p>Se tiver d\u00favidas sobre esta Pol\u00edtica, entre em contato com nosso Encarregado de Dados (DPO) pelo e-mail: <b>contato@laviedeprata.com<\/b>.<\/p>\t\t\t\t\t\t\t\t<\/div>\n\t\t\t\t<\/div>\n\t\t\t\t\t<\/div>\n\t\t\t\t<\/div>\n\t\t\t\t<\/div>","protected":false},"excerpt":{"rendered":"<p>POL\u00cdTICA DE COOKIES Esta Pol\u00edtica de Cookies explica como a La Vie de Prata utiliza cookies e tecnologias similares para coletar e armazenar informa\u00e7\u00f5es quando voc\u00ea visita nosso site. 3.1. O que s\u00e3o Cookies? Cookies s\u00e3o pequenos arquivos de texto que s\u00e3o armazenados no seu computador ou dispositivo m\u00f3vel quando voc\u00ea visita um site. Eles [&hellip;]<\/p>\n","protected":false},"author":2,"featured_media":0,"parent":0,"menu_order":0,"comment_status":"closed","ping_status":"closed","template":"","meta":{"_joinchat":[],"footnotes":""},"class_list":["post-4460","page","type-page","status-publish","hentry"],"yoast_head":"<!-- This site is optimized with the Yoast SEO plugin v27.4 - https:\/\/yoast.com\/product\/yoast-seo-wordpress\/ -->\n<title>Politica de cookies - Lavie de prata<\/title>\n<meta name=\"robots\" content=\"index, follow, max-snippet:-1, max-image-preview:large, max-video-preview:-1\" \/>\n<link rel=\"canonical\" href=\"https:\/\/laviedeprata.com\/en\/politica-de-cookies\/\" \/>\n<meta property=\"og:locale\" content=\"en_US\" \/>\n<meta property=\"og:type\" content=\"article\" \/>\n<meta property=\"og:title\" content=\"Politica de cookies - Lavie de prata\" \/>\n<meta property=\"og:description\" content=\"POL\u00cdTICA DE COOKIES Esta Pol\u00edtica de Cookies explica como a La Vie de Prata utiliza cookies e tecnologias similares para coletar e armazenar informa\u00e7\u00f5es quando voc\u00ea visita nosso site. 3.1. O que s\u00e3o Cookies? Cookies s\u00e3o pequenos arquivos de texto que s\u00e3o armazenados no seu computador ou dispositivo m\u00f3vel quando voc\u00ea visita um site. Eles [&hellip;]\" \/>\n<meta property=\"og:url\" content=\"https:\/\/laviedeprata.com\/en\/politica-de-cookies\/\" \/>\n<meta property=\"og:site_name\" content=\"Lavie de prata\" \/>\n<meta property=\"article:publisher\" content=\"https:\/\/www.facebook.com\/laviedeprata\/\" \/>\n<meta property=\"article:modified_time\" content=\"2025-09-29T14:53:13+00:00\" \/>\n<meta name=\"twitter:card\" content=\"summary_large_image\" \/>\n<meta name=\"twitter:label1\" content=\"Est. reading time\" \/>\n\t<meta name=\"twitter:data1\" content=\"3 minutes\" \/>\n<script type=\"application\/ld+json\" class=\"yoast-schema-graph\">{\"@context\":\"https:\\\/\\\/schema.org\",\"@graph\":[{\"@type\":\"WebPage\",\"@id\":\"https:\\\/\\\/laviedeprata.com\\\/politica-de-cookies\\\/\",\"url\":\"https:\\\/\\\/laviedeprata.com\\\/politica-de-cookies\\\/\",\"name\":\"Politica de cookies - Lavie de prata\",\"isPartOf\":{\"@id\":\"https:\\\/\\\/laviedeprata.com\\\/#website\"},\"datePublished\":\"2025-09-29T14:51:13+00:00\",\"dateModified\":\"2025-09-29T14:53:13+00:00\",\"breadcrumb\":{\"@id\":\"https:\\\/\\\/laviedeprata.com\\\/politica-de-cookies\\\/#breadcrumb\"},\"inLanguage\":\"en-US\",\"potentialAction\":[{\"@type\":\"ReadAction\",\"target\":[\"https:\\\/\\\/laviedeprata.com\\\/politica-de-cookies\\\/\"]}]},{\"@type\":\"BreadcrumbList\",\"@id\":\"https:\\\/\\\/laviedeprata.com\\\/politica-de-cookies\\\/#breadcrumb\",\"itemListElement\":[{\"@type\":\"ListItem\",\"position\":1,\"name\":\"In\u00edcio\",\"item\":\"https:\\\/\\\/laviedeprata.com\\\/\"},{\"@type\":\"ListItem\",\"position\":2,\"name\":\"Politica de cookies\"}]},{\"@type\":\"WebSite\",\"@id\":\"https:\\\/\\\/laviedeprata.com\\\/#website\",\"url\":\"https:\\\/\\\/laviedeprata.com\\\/\",\"name\":\"Lavie de prata\",\"description\":\"Colares, an\u00e9is, brincos, pulseiras, colares e piercings em Prata. Condi\u00e7\u00f5es especiais de parcelamento e Frete Gr\u00e1tis!\",\"publisher\":{\"@id\":\"https:\\\/\\\/laviedeprata.com\\\/#organization\"},\"potentialAction\":[{\"@type\":\"SearchAction\",\"target\":{\"@type\":\"EntryPoint\",\"urlTemplate\":\"https:\\\/\\\/laviedeprata.com\\\/?s={search_term_string}\"},\"query-input\":{\"@type\":\"PropertyValueSpecification\",\"valueRequired\":true,\"valueName\":\"search_term_string\"}}],\"inLanguage\":\"en-US\"},{\"@type\":\"Organization\",\"@id\":\"https:\\\/\\\/laviedeprata.com\\\/#organization\",\"name\":\"Lavie de prata\",\"url\":\"https:\\\/\\\/laviedeprata.com\\\/\",\"logo\":{\"@type\":\"ImageObject\",\"inLanguage\":\"en-US\",\"@id\":\"https:\\\/\\\/laviedeprata.com\\\/#\\\/schema\\\/logo\\\/image\\\/\",\"url\":\"https:\\\/\\\/laviedeprata.com\\\/wp-content\\\/uploads\\\/2022\\\/10\\\/cropped-cropped-IMG-1581-768x472-removebg-preview.png.webp\",\"contentUrl\":\"https:\\\/\\\/laviedeprata.com\\\/wp-content\\\/uploads\\\/2022\\\/10\\\/cropped-cropped-IMG-1581-768x472-removebg-preview.png.webp\",\"width\":449,\"height\":240,\"caption\":\"Lavie de prata\"},\"image\":{\"@id\":\"https:\\\/\\\/laviedeprata.com\\\/#\\\/schema\\\/logo\\\/image\\\/\"},\"sameAs\":[\"https:\\\/\\\/www.facebook.com\\\/laviedeprata\\\/\",\"https:\\\/\\\/www.instagram.com\\\/laviedeprata\\\/\"]}]}<\/script>\n<!-- \/ Yoast SEO plugin. -->","yoast_head_json":{"title":"Politica de cookies - Lavie de prata","robots":{"index":"index","follow":"follow","max-snippet":"max-snippet:-1","max-image-preview":"max-image-preview:large","max-video-preview":"max-video-preview:-1"},"canonical":"https:\/\/laviedeprata.com\/en\/politica-de-cookies\/","og_locale":"en_US","og_type":"article","og_title":"Politica de cookies - Lavie de prata","og_description":"POL\u00cdTICA DE COOKIES Esta Pol\u00edtica de Cookies explica como a La Vie de Prata utiliza cookies e tecnologias similares para coletar e armazenar informa\u00e7\u00f5es quando voc\u00ea visita nosso site. 3.1. O que s\u00e3o Cookies? Cookies s\u00e3o pequenos arquivos de texto que s\u00e3o armazenados no seu computador ou dispositivo m\u00f3vel quando voc\u00ea visita um site. Eles [&hellip;]","og_url":"https:\/\/laviedeprata.com\/en\/politica-de-cookies\/","og_site_name":"Lavie de prata","article_publisher":"https:\/\/www.facebook.com\/laviedeprata\/","article_modified_time":"2025-09-29T14:53:13+00:00","twitter_card":"summary_large_image","twitter_misc":{"Est. reading time":"3 minutes"},"schema":{"@context":"https:\/\/schema.org","@graph":[{"@type":"WebPage","@id":"https:\/\/laviedeprata.com\/politica-de-cookies\/","url":"https:\/\/laviedeprata.com\/politica-de-cookies\/","name":"Politica de cookies - Lavie de prata","isPartOf":{"@id":"https:\/\/laviedeprata.com\/#website"},"datePublished":"2025-09-29T14:51:13+00:00","dateModified":"2025-09-29T14:53:13+00:00","breadcrumb":{"@id":"https:\/\/laviedeprata.com\/politica-de-cookies\/#breadcrumb"},"inLanguage":"en-US","potentialAction":[{"@type":"ReadAction","target":["https:\/\/laviedeprata.com\/politica-de-cookies\/"]}]},{"@type":"BreadcrumbList","@id":"https:\/\/laviedeprata.com\/politica-de-cookies\/#breadcrumb","itemListElement":[{"@type":"ListItem","position":1,"name":"In\u00edcio","item":"https:\/\/laviedeprata.com\/"},{"@type":"ListItem","position":2,"name":"Politica de cookies"}]},{"@type":"WebSite","@id":"https:\/\/laviedeprata.com\/#website","url":"https:\/\/laviedeprata.com\/","name":"Lavie de prata","description":"Colares, an\u00e9is, brincos, pulseiras, colares e piercings em Prata. Condi\u00e7\u00f5es especiais de parcelamento e Frete Gr\u00e1tis!","publisher":{"@id":"https:\/\/laviedeprata.com\/#organization"},"potentialAction":[{"@type":"SearchAction","target":{"@type":"EntryPoint","urlTemplate":"https:\/\/laviedeprata.com\/?s={search_term_string}"},"query-input":{"@type":"PropertyValueSpecification","valueRequired":true,"valueName":"search_term_string"}}],"inLanguage":"en-US"},{"@type":"Organization","@id":"https:\/\/laviedeprata.com\/#organization","name":"Lavie de prata","url":"https:\/\/laviedeprata.com\/","logo":{"@type":"ImageObject","inLanguage":"en-US","@id":"https:\/\/laviedeprata.com\/#\/schema\/logo\/image\/","url":"https:\/\/laviedeprata.com\/wp-content\/uploads\/2022\/10\/cropped-cropped-IMG-1581-768x472-removebg-preview.png.webp","contentUrl":"https:\/\/laviedeprata.com\/wp-content\/uploads\/2022\/10\/cropped-cropped-IMG-1581-768x472-removebg-preview.png.webp","width":449,"height":240,"caption":"Lavie de prata"},"image":{"@id":"https:\/\/laviedeprata.com\/#\/schema\/logo\/image\/"},"sameAs":["https:\/\/www.facebook.com\/laviedeprata\/","https:\/\/www.instagram.com\/laviedeprata\/"]}]}},"_links":{"self":[{"href":"https:\/\/laviedeprata.com\/en\/wp-json\/wp\/v2\/pages\/4460","targetHints":{"allow":["GET"]}}],"collection":[{"href":"https:\/\/laviedeprata.com\/en\/wp-json\/wp\/v2\/pages"}],"about":[{"href":"https:\/\/laviedeprata.com\/en\/wp-json\/wp\/v2\/types\/page"}],"author":[{"embeddable":true,"href":"https:\/\/laviedeprata.com\/en\/wp-json\/wp\/v2\/users\/2"}],"replies":[{"embeddable":true,"href":"https:\/\/laviedeprata.com\/en\/wp-json\/wp\/v2\/comments?post=4460"}],"version-history":[{"count":0,"href":"https:\/\/laviedeprata.com\/en\/wp-json\/wp\/v2\/pages\/4460\/revisions"}],"wp:attachment":[{"href":"https:\/\/laviedeprata.com\/en\/wp-json\/wp\/v2\/media?parent=4460"}],"curies":[{"name":"wp","href":"https:\/\/api.w.org\/{rel}","templated":true}]}}