{"id":2483,"date":"2024-05-05T12:38:47","date_gmt":"2024-05-05T12:38:47","guid":{"rendered":"https:\/\/laviedeprata.com\/?post_type=product&#038;p=2483"},"modified":"2026-02-04T14:53:06","modified_gmt":"2026-02-04T14:53:06","slug":"anel-renata-ouro","status":"publish","type":"product","link":"https:\/\/laviedeprata.com\/en\/product\/anel-renata-ouro\/","title":{"rendered":"Anel Renata Ouro"},"content":{"rendered":"<p>Prata 925 com Banho Ouro 18K.<br \/>\nPedras: Zirc\u00f4nia Cristal.<br \/>\nInformar tamanho ao efetuar a compra.<br \/>\nTODOS os tamanhos dispon\u00edveis.<\/p>\n<p>Anel em Prata 925 com Banho Ouro 18K, totalmente cravejado em zirc\u00f4nias, com brilho sofisticado.<\/p>\n<p>Perfeito para usar como meia alian\u00e7a ou combinar com outros an\u00e9is.<\/p>\n<p>Uma joia curinga, elegante e f\u00e1cil de vender porque combina com tudo.<\/p>","protected":false},"excerpt":{"rendered":"<p>Prata 925 com Banho Ouro 18K. Pedras: Zirc\u00f4nia Cristal. Informar tamanho ao efetuar a compra. TODOS os tamanhos dispon\u00edveis. Anel em Prata 925 com Banho Ouro 18K, totalmente cravejado em zirc\u00f4nias, com brilho sofisticado. Perfeito para usar como meia alian\u00e7a ou combinar com outros an\u00e9is. Uma joia curinga, elegante e f\u00e1cil de vender porque combina [&hellip;]<\/p>\n","protected":false},"featured_media":2475,"template":"","meta":{"_joinchat":[]},"product_brand":[],"product_cat":[20,22],"product_tag":[],"class_list":{"0":"post-2483","1":"product","2":"type-product","3":"status-publish","4":"has-post-thumbnail","6":"product_cat-aneis","7":"product_cat-prata-925-com-banho-ouro-18k","9":"first","10":"instock","11":"shipping-taxable","12":"purchasable","13":"product-type-simple"},"yoast_head":"<!-- This site is optimized with the Yoast SEO plugin v27.4 - https:\/\/yoast.com\/product\/yoast-seo-wordpress\/ -->\n<title>Anel Renata Ouro - Lavie de prata<\/title>\n<meta name=\"robots\" content=\"index, follow, max-snippet:-1, max-image-preview:large, max-video-preview:-1\" \/>\n<link rel=\"canonical\" href=\"https:\/\/laviedeprata.com\/en\/product\/anel-renata-ouro\/\" \/>\n<meta property=\"og:locale\" content=\"en_US\" \/>\n<meta property=\"og:type\" content=\"article\" \/>\n<meta property=\"og:title\" content=\"Anel Renata Ouro - Lavie de prata\" \/>\n<meta property=\"og:description\" content=\"Prata 925 com Banho Ouro 18K. Pedras: Zirc\u00f4nia Cristal. Informar tamanho ao efetuar a compra. TODOS os tamanhos dispon\u00edveis. Anel em Prata 925 com Banho Ouro 18K, totalmente cravejado em zirc\u00f4nias, com brilho sofisticado. Perfeito para usar como meia alian\u00e7a ou combinar com outros an\u00e9is. Uma joia curinga, elegante e f\u00e1cil de vender porque combina [&hellip;]\" \/>\n<meta property=\"og:url\" content=\"https:\/\/laviedeprata.com\/en\/product\/anel-renata-ouro\/\" \/>\n<meta property=\"og:site_name\" content=\"Lavie de prata\" \/>\n<meta property=\"article:publisher\" content=\"https:\/\/www.facebook.com\/laviedeprata\/\" \/>\n<meta property=\"article:modified_time\" content=\"2026-02-04T14:53:06+00:00\" \/>\n<meta property=\"og:image\" content=\"https:\/\/laviedeprata.com\/wp-content\/uploads\/2024\/05\/IMG_9855.jpeg\" \/>\n\t<meta property=\"og:image:width\" content=\"1284\" \/>\n\t<meta property=\"og:image:height\" content=\"1267\" \/>\n\t<meta property=\"og:image:type\" content=\"image\/jpeg\" \/>\n<meta name=\"twitter:card\" content=\"summary_large_image\" \/>\n<meta name=\"twitter:label1\" content=\"Est. reading time\" \/>\n\t<meta name=\"twitter:data1\" content=\"1 minute\" \/>\n<script type=\"application\/ld+json\" class=\"yoast-schema-graph\">{\"@context\":\"https:\\\/\\\/schema.org\",\"@graph\":[{\"@type\":\"WebPage\",\"@id\":\"https:\\\/\\\/laviedeprata.com\\\/produto\\\/anel-renata-ouro\\\/\",\"url\":\"https:\\\/\\\/laviedeprata.com\\\/produto\\\/anel-renata-ouro\\\/\",\"name\":\"Anel Renata Ouro - Lavie de prata\",\"isPartOf\":{\"@id\":\"https:\\\/\\\/laviedeprata.com\\\/#website\"},\"primaryImageOfPage\":{\"@id\":\"https:\\\/\\\/laviedeprata.com\\\/produto\\\/anel-renata-ouro\\\/#primaryimage\"},\"image\":{\"@id\":\"https:\\\/\\\/laviedeprata.com\\\/produto\\\/anel-renata-ouro\\\/#primaryimage\"},\"thumbnailUrl\":\"https:\\\/\\\/laviedeprata.com\\\/wp-content\\\/uploads\\\/2024\\\/05\\\/IMG_9855.jpeg\",\"datePublished\":\"2024-05-05T12:38:47+00:00\",\"dateModified\":\"2026-02-04T14:53:06+00:00\",\"breadcrumb\":{\"@id\":\"https:\\\/\\\/laviedeprata.com\\\/produto\\\/anel-renata-ouro\\\/#breadcrumb\"},\"inLanguage\":\"en-US\",\"potentialAction\":[{\"@type\":\"ReadAction\",\"target\":[\"https:\\\/\\\/laviedeprata.com\\\/produto\\\/anel-renata-ouro\\\/\"]}]},{\"@type\":\"ImageObject\",\"inLanguage\":\"en-US\",\"@id\":\"https:\\\/\\\/laviedeprata.com\\\/produto\\\/anel-renata-ouro\\\/#primaryimage\",\"url\":\"https:\\\/\\\/laviedeprata.com\\\/wp-content\\\/uploads\\\/2024\\\/05\\\/IMG_9855.jpeg\",\"contentUrl\":\"https:\\\/\\\/laviedeprata.com\\\/wp-content\\\/uploads\\\/2024\\\/05\\\/IMG_9855.jpeg\",\"width\":1284,\"height\":1267},{\"@type\":\"BreadcrumbList\",\"@id\":\"https:\\\/\\\/laviedeprata.com\\\/produto\\\/anel-renata-ouro\\\/#breadcrumb\",\"itemListElement\":[{\"@type\":\"ListItem\",\"position\":1,\"name\":\"In\u00edcio\",\"item\":\"https:\\\/\\\/laviedeprata.com\\\/\"},{\"@type\":\"ListItem\",\"position\":2,\"name\":\"Loja\",\"item\":\"https:\\\/\\\/laviedeprata.com\\\/loja\\\/\"},{\"@type\":\"ListItem\",\"position\":3,\"name\":\"Anel Renata Ouro\"}]},{\"@type\":\"WebSite\",\"@id\":\"https:\\\/\\\/laviedeprata.com\\\/#website\",\"url\":\"https:\\\/\\\/laviedeprata.com\\\/\",\"name\":\"Lavie de prata\",\"description\":\"Colares, an\u00e9is, brincos, pulseiras, colares e piercings em Prata. Condi\u00e7\u00f5es especiais de parcelamento e Frete Gr\u00e1tis!\",\"publisher\":{\"@id\":\"https:\\\/\\\/laviedeprata.com\\\/#organization\"},\"potentialAction\":[{\"@type\":\"SearchAction\",\"target\":{\"@type\":\"EntryPoint\",\"urlTemplate\":\"https:\\\/\\\/laviedeprata.com\\\/?s={search_term_string}\"},\"query-input\":{\"@type\":\"PropertyValueSpecification\",\"valueRequired\":true,\"valueName\":\"search_term_string\"}}],\"inLanguage\":\"en-US\"},{\"@type\":\"Organization\",\"@id\":\"https:\\\/\\\/laviedeprata.com\\\/#organization\",\"name\":\"Lavie de prata\",\"url\":\"https:\\\/\\\/laviedeprata.com\\\/\",\"logo\":{\"@type\":\"ImageObject\",\"inLanguage\":\"en-US\",\"@id\":\"https:\\\/\\\/laviedeprata.com\\\/#\\\/schema\\\/logo\\\/image\\\/\",\"url\":\"https:\\\/\\\/laviedeprata.com\\\/wp-content\\\/uploads\\\/2022\\\/10\\\/cropped-cropped-IMG-1581-768x472-removebg-preview.png.webp\",\"contentUrl\":\"https:\\\/\\\/laviedeprata.com\\\/wp-content\\\/uploads\\\/2022\\\/10\\\/cropped-cropped-IMG-1581-768x472-removebg-preview.png.webp\",\"width\":449,\"height\":240,\"caption\":\"Lavie de prata\"},\"image\":{\"@id\":\"https:\\\/\\\/laviedeprata.com\\\/#\\\/schema\\\/logo\\\/image\\\/\"},\"sameAs\":[\"https:\\\/\\\/www.facebook.com\\\/laviedeprata\\\/\",\"https:\\\/\\\/www.instagram.com\\\/laviedeprata\\\/\"]}]}<\/script>\n<!-- \/ Yoast SEO plugin. -->","yoast_head_json":{"title":"Anel Renata Ouro - Lavie de prata","robots":{"index":"index","follow":"follow","max-snippet":"max-snippet:-1","max-image-preview":"max-image-preview:large","max-video-preview":"max-video-preview:-1"},"canonical":"https:\/\/laviedeprata.com\/en\/product\/anel-renata-ouro\/","og_locale":"en_US","og_type":"article","og_title":"Anel Renata Ouro - Lavie de prata","og_description":"Prata 925 com Banho Ouro 18K. Pedras: Zirc\u00f4nia Cristal. Informar tamanho ao efetuar a compra. TODOS os tamanhos dispon\u00edveis. Anel em Prata 925 com Banho Ouro 18K, totalmente cravejado em zirc\u00f4nias, com brilho sofisticado. Perfeito para usar como meia alian\u00e7a ou combinar com outros an\u00e9is. Uma joia curinga, elegante e f\u00e1cil de vender porque combina [&hellip;]","og_url":"https:\/\/laviedeprata.com\/en\/product\/anel-renata-ouro\/","og_site_name":"Lavie de prata","article_publisher":"https:\/\/www.facebook.com\/laviedeprata\/","article_modified_time":"2026-02-04T14:53:06+00:00","og_image":[{"width":1284,"height":1267,"url":"https:\/\/laviedeprata.com\/wp-content\/uploads\/2024\/05\/IMG_9855.jpeg","type":"image\/jpeg"}],"twitter_card":"summary_large_image","twitter_misc":{"Est. reading time":"1 minute"},"schema":{"@context":"https:\/\/schema.org","@graph":[{"@type":"WebPage","@id":"https:\/\/laviedeprata.com\/produto\/anel-renata-ouro\/","url":"https:\/\/laviedeprata.com\/produto\/anel-renata-ouro\/","name":"Anel Renata Ouro - Lavie de prata","isPartOf":{"@id":"https:\/\/laviedeprata.com\/#website"},"primaryImageOfPage":{"@id":"https:\/\/laviedeprata.com\/produto\/anel-renata-ouro\/#primaryimage"},"image":{"@id":"https:\/\/laviedeprata.com\/produto\/anel-renata-ouro\/#primaryimage"},"thumbnailUrl":"https:\/\/laviedeprata.com\/wp-content\/uploads\/2024\/05\/IMG_9855.jpeg","datePublished":"2024-05-05T12:38:47+00:00","dateModified":"2026-02-04T14:53:06+00:00","breadcrumb":{"@id":"https:\/\/laviedeprata.com\/produto\/anel-renata-ouro\/#breadcrumb"},"inLanguage":"en-US","potentialAction":[{"@type":"ReadAction","target":["https:\/\/laviedeprata.com\/produto\/anel-renata-ouro\/"]}]},{"@type":"ImageObject","inLanguage":"en-US","@id":"https:\/\/laviedeprata.com\/produto\/anel-renata-ouro\/#primaryimage","url":"https:\/\/laviedeprata.com\/wp-content\/uploads\/2024\/05\/IMG_9855.jpeg","contentUrl":"https:\/\/laviedeprata.com\/wp-content\/uploads\/2024\/05\/IMG_9855.jpeg","width":1284,"height":1267},{"@type":"BreadcrumbList","@id":"https:\/\/laviedeprata.com\/produto\/anel-renata-ouro\/#breadcrumb","itemListElement":[{"@type":"ListItem","position":1,"name":"In\u00edcio","item":"https:\/\/laviedeprata.com\/"},{"@type":"ListItem","position":2,"name":"Loja","item":"https:\/\/laviedeprata.com\/loja\/"},{"@type":"ListItem","position":3,"name":"Anel Renata Ouro"}]},{"@type":"WebSite","@id":"https:\/\/laviedeprata.com\/#website","url":"https:\/\/laviedeprata.com\/","name":"Lavie de prata","description":"Colares, an\u00e9is, brincos, pulseiras, colares e piercings em Prata. Condi\u00e7\u00f5es especiais de parcelamento e Frete Gr\u00e1tis!","publisher":{"@id":"https:\/\/laviedeprata.com\/#organization"},"potentialAction":[{"@type":"SearchAction","target":{"@type":"EntryPoint","urlTemplate":"https:\/\/laviedeprata.com\/?s={search_term_string}"},"query-input":{"@type":"PropertyValueSpecification","valueRequired":true,"valueName":"search_term_string"}}],"inLanguage":"en-US"},{"@type":"Organization","@id":"https:\/\/laviedeprata.com\/#organization","name":"Lavie de prata","url":"https:\/\/laviedeprata.com\/","logo":{"@type":"ImageObject","inLanguage":"en-US","@id":"https:\/\/laviedeprata.com\/#\/schema\/logo\/image\/","url":"https:\/\/laviedeprata.com\/wp-content\/uploads\/2022\/10\/cropped-cropped-IMG-1581-768x472-removebg-preview.png.webp","contentUrl":"https:\/\/laviedeprata.com\/wp-content\/uploads\/2022\/10\/cropped-cropped-IMG-1581-768x472-removebg-preview.png.webp","width":449,"height":240,"caption":"Lavie de prata"},"image":{"@id":"https:\/\/laviedeprata.com\/#\/schema\/logo\/image\/"},"sameAs":["https:\/\/www.facebook.com\/laviedeprata\/","https:\/\/www.instagram.com\/laviedeprata\/"]}]}},"_links":{"self":[{"href":"https:\/\/laviedeprata.com\/en\/wp-json\/wp\/v2\/product\/2483","targetHints":{"allow":["GET"]}}],"collection":[{"href":"https:\/\/laviedeprata.com\/en\/wp-json\/wp\/v2\/product"}],"about":[{"href":"https:\/\/laviedeprata.com\/en\/wp-json\/wp\/v2\/types\/product"}],"version-history":[{"count":0,"href":"https:\/\/laviedeprata.com\/en\/wp-json\/wp\/v2\/product\/2483\/revisions"}],"wp:featuredmedia":[{"embeddable":true,"href":"https:\/\/laviedeprata.com\/en\/wp-json\/wp\/v2\/media\/2475"}],"wp:attachment":[{"href":"https:\/\/laviedeprata.com\/en\/wp-json\/wp\/v2\/media?parent=2483"}],"wp:term":[{"taxonomy":"product_brand","embeddable":true,"href":"https:\/\/laviedeprata.com\/en\/wp-json\/wp\/v2\/product_brand?post=2483"},{"taxonomy":"product_cat","embeddable":true,"href":"https:\/\/laviedeprata.com\/en\/wp-json\/wp\/v2\/product_cat?post=2483"},{"taxonomy":"product_tag","embeddable":true,"href":"https:\/\/laviedeprata.com\/en\/wp-json\/wp\/v2\/product_tag?post=2483"}],"curies":[{"name":"wp","href":"https:\/\/api.w.org\/{rel}","templated":true}]}}